{"id":262,"date":"2023-04-12T15:24:09","date_gmt":"2023-04-12T13:24:09","guid":{"rendered":"https:\/\/antys.cloth.be\/confidentialite\/"},"modified":"2023-04-12T15:24:09","modified_gmt":"2023-04-12T13:24:09","slug":"confidentialite","status":"publish","type":"page","link":"https:\/\/www.xperts4horses.eu\/fr\/confidentialite\/","title":{"rendered":"Confidentialit\u00e9"},"content":{"rendered":"<h2>Informations de base<\/h2>\n<p>Le responsable de la collecte, du traitement et de l&rsquo;utilisation de vos donn\u00e9es personnelles au sens de l&rsquo;art. 4 n\u00b0 7<br \/>\nRGPD est<\/p>\n<p><strong>Docteur Martine Antys Becker<\/strong><br \/>\nOestrasse 39<br \/>\nEupen, Belgium<\/p>\n<p>M.: <a href=\"mailto:martine@antys.be\">martine@antys.be<\/a><\/p>\n<p>MwsT:BE0515.969.130<\/p>\n<p>Si vous souhaitez vous opposer \u00e0 la collecte, au traitement ou \u00e0 l&rsquo;utilisation de vos donn\u00e9es par nos soins conform\u00e9ment \u00e0 la pr\u00e9sente politique de confidentialit\u00e9<br \/>\ndans son ensemble ou pour des mesures individuelles, vous pouvez adresser votre opposition au responsable<br \/>\nadresser \u00e0 la soci\u00e9t\u00e9.<\/p>\n<p>Cette d\u00e9claration de protection des donn\u00e9es a pour but d&rsquo;informer les utilisateurs de ce site web sur la nature, l&rsquo;\u00e9tendue et la finalit\u00e9 de la collecte et du traitement des donn\u00e9es personnelles.<br \/>\nutilisation des donn\u00e9es personnelles par l&rsquo;exploitant du site web.<\/p>\n<p>L&rsquo;exploitant du site web prend votre protection des donn\u00e9es tr\u00e8s au s\u00e9rieux et traite vos donn\u00e9es personnelles de mani\u00e8re confidentielle et conforme \u00e0 la l\u00e9gislation.<br \/>\nconform\u00e9ment aux dispositions l\u00e9gales. \u00c9tant donn\u00e9 que les nouvelles technologies et le d\u00e9veloppement constant de ce site<br \/>\ndes modifications peuvent \u00eatre apport\u00e9es \u00e0 la pr\u00e9sente d\u00e9claration de protection des donn\u00e9es, nous vous recommandons de la relire.<br \/>\nde relire la d\u00e9claration de protection des donn\u00e9es \u00e0 intervalles r\u00e9guliers.<\/p>\n<p>Vous trouverez les d\u00e9finitions des termes utilis\u00e9s (par ex. \u00ab\u00a0donn\u00e9es \u00e0 caract\u00e8re personnel\u00a0\u00bb ou \u00ab\u00a0traitement\u00a0\u00bb) \u00e0 l&rsquo;article 4 du RGPD.<\/p>\n<h2>Effacement des donn\u00e9es et dur\u00e9e de conservation<\/h2>\n<p>Les donn\u00e9es \u00e0 caract\u00e8re personnel de la personne concern\u00e9e sont effac\u00e9es ou bloqu\u00e9es d\u00e8s que la finalit\u00e9 de leur stockage est supprim\u00e9e.<br \/>\nne sont plus n\u00e9cessaires. Un stockage peut en outre avoir lieu si le l\u00e9gislateur europ\u00e9en ou national le pr\u00e9voit dans des<br \/>\nr\u00e8glements, lois ou autres dispositions du droit de l&rsquo;Union auxquels le responsable est soumis.<br \/>\na \u00e9t\u00e9 adopt\u00e9e. Les donn\u00e9es sont \u00e9galement bloqu\u00e9es ou supprim\u00e9es lorsqu&rsquo;un d\u00e9lai de conservation prescrit par les normes pr\u00e9cit\u00e9es expire.<br \/>\nde stockage arrive \u00e0 \u00e9ch\u00e9ance, \u00e0 moins qu&rsquo;il ne soit n\u00e9cessaire de continuer \u00e0 stocker les donn\u00e9es pour une<br \/>\nconclusion ou l&rsquo;ex\u00e9cution d&rsquo;un contrat.<\/p>\n<h2>Donn\u00e9es d&rsquo;acc\u00e8s<\/h2>\n<p>Nous, l&rsquo;exploitant du site web ou le fournisseur du site, collectons des donn\u00e9es d&rsquo;acc\u00e8s sur la base de notre int\u00e9r\u00eat l\u00e9gitime (cf. art. 6, al. 1, let.<br \/>\nf. RGPD) des donn\u00e9es sur les acc\u00e8s au site web et les enregistrent en tant que \u00ab\u00a0fichiers journaux du serveur\u00a0\u00bb sur le serveur du site web.<br \/>\nLes donn\u00e9es suivantes sont ainsi consign\u00e9es :<\/p>\n<ul>\n<li>Site web visit\u00e9<\/li>\n<li>Heure au moment de l&rsquo;acc\u00e8s<\/li>\n<li>Quantit\u00e9 de donn\u00e9es envoy\u00e9es en octets<\/li>\n<li>Source\/r\u00e9f\u00e9rence \u00e0 partir de laquelle vous avez acc\u00e9d\u00e9 \u00e0 la page<\/li>\n<li>Navigateur utilis\u00e9<\/li>\n<li>Syst\u00e8me d&rsquo;exploitation utilis\u00e9<\/li>\n<li>Adresse IP utilis\u00e9e<\/li>\n<\/ul>\n<p>Les fichiers journaux du serveur sont enregistr\u00e9s pour une dur\u00e9e maximale de 180 jours, puis supprim\u00e9s. Le stockage des donn\u00e9es s&rsquo;effectue<br \/>\npour des raisons de s\u00e9curit\u00e9, par exemple pour pouvoir \u00e9lucider des cas d&rsquo;abus. Si des donn\u00e9es doivent \u00eatre conserv\u00e9es pour des raisons de preuve,<br \/>\nelles sont exclues de la suppression jusqu&rsquo;\u00e0 ce que l&rsquo;incident soit d\u00e9finitivement clarifi\u00e9.<\/p>\n<p>La collecte des donn\u00e9es pour la mise \u00e0 disposition du site Internet et l&rsquo;enregistrement des donn\u00e9es dans des fichiers journaux est indispensable au fonctionnement du site Internet.<br \/>\nsite Internet est absolument n\u00e9cessaire. L&rsquo;utilisateur ne peut donc pas s&rsquo;y opposer.<\/p>\n<h2>Mesure de la port\u00e9e &#038; cookies<\/h2>\n<p>Ce site Internet utilise des cookies pour la mesure d&rsquo;audience pseudonymis\u00e9e, qui sont envoy\u00e9s soit par notre serveur, soit par le serveur de l&rsquo;utilisateur.<br \/>\nserveur de tiers au navigateur de l&rsquo;utilisateur. Les cookies sont de petits fichiers qui sont stock\u00e9s sur votre ordinateur.<br \/>\nIls sont enregistr\u00e9s sur votre terminal. Votre navigateur acc\u00e8de \u00e0 ces fichiers. L&rsquo;utilisation de cookies permet d&rsquo;am\u00e9liorer<br \/>\nla convivialit\u00e9 et la s\u00e9curit\u00e9 de ce site web.<\/p>\n<p>Si vous ne souhaitez pas que des cookies de mesure d&rsquo;audience soient enregistr\u00e9s sur votre terminal, vous pouvez vous opposer \u00e0 leur utilisation.<br \/>\nvous opposer \u00e0 l&rsquo;utilisation de ces fichiers ici :<\/p>\n<ul>\n<li>Page de d\u00e9sactivation des cookies du site Network Advertising Initiative : \u00a0<a href=\"http:\/\/optout.networkadvertising.org\/?c=1#!\/\" target=\"_blank\" rel=\"noopener noreferrer\">http:\/\/optout.networkadvertising.org\/?c=1#!\/<\/a><\/li>\n<li>Page de d\u00e9sactivation des cookies du site am\u00e9ricain :<a href=\"http:\/\/optout.aboutads.info\/?c=2#!\/\" target=\"_blank\" rel=\"noopener noreferrer\">http:\/\/optout.aboutads.info\/?c=2#!\/<\/a><\/li>\n<li>Page de d\u00e9sactivation des cookies du site europ\u00e9en : \u00a0<a href=\"http:\/\/optout.networkadvertising.org\/?c=1#!\/\" target=\"_blank\" rel=\"noopener noreferrer\">http:\/\/optout.networkadvertising.org\/?c=1#!\/<\/a><\/li>\n<\/ul>\n<p>Les navigateurs courants proposent une option de param\u00e9trage permettant de ne pas autoriser les cookies. Remarque : il n&rsquo;est pas garanti que vous puissiez<br \/>\nd&rsquo;acc\u00e9der \u00e0 toutes les fonctions de ce site sans restriction si vous choisissez de les param\u00e9trer ne sont pas pris en compte.<\/p>\n<p>Nous utilisons des cookies pour rendre notre site web plus convivial. Certains \u00e9l\u00e9ments de notre site Internet<br \/>\nn\u00e9cessitent que le navigateur appelant puisse \u00eatre identifi\u00e9 m\u00eame apr\u00e8s un changement de page.<\/p>\n<p>Les donn\u00e9es suivantes sont alors enregistr\u00e9es et transmises dans les cookies :<\/p>\n<ul>\n<li>Param\u00e8tres de langue<\/li>\n<li>Articles dans un panier<\/li>\n<li>Informations de connexion<\/li>\n<\/ul>\n<h2>Collecte et traitement des donn\u00e9es \u00e0 caract\u00e8re personnel<\/h2>\n<p>L&rsquo;exploitant du site web ne collecte, n&rsquo;utilise et ne transmet vos donn\u00e9es personnelles que si cela est autoris\u00e9 par la loi. Autoris\u00e9 dans le cadre de la loi ou si vous consentez \u00e0 la collecte des donn\u00e9es.<\/p>\n<p>Sont consid\u00e9r\u00e9es comme des donn\u00e9es personnelles toutes les informations qui permettent de vous identifier et qui permettent de remonter jusqu&rsquo;\u00e0 vous.<br \/>\nIl s&rsquo;agit par exemple de votre nom, de votre adresse e-mail et de votre num\u00e9ro de t\u00e9l\u00e9phone.<\/p>\n<p>Vous pouvez \u00e9galement visiter ce site web sans fournir d&rsquo;informations sur votre personne. Afin d&rsquo;am\u00e9liorer notre site, nous<br \/>\noffre en ligne, nous enregistrons toutefois (sans r\u00e9f\u00e9rence personnelle) vos donn\u00e9es d&rsquo;acc\u00e8s \u00e0 ce site web. Ces donn\u00e9es d&rsquo;acc\u00e8s comprennent<br \/>\ncomprennent par exemple le fichier que vous avez demand\u00e9 ou le nom de votre fournisseur d&rsquo;acc\u00e8s Internet. Gr\u00e2ce \u00e0 l&rsquo;anonymisation des<br \/>\ndonn\u00e9es, il n&rsquo;est pas possible de tirer des conclusions sur votre personne.<\/p>\n<ol>\n<li><strong>Lesquelles ?<\/strong>\u00a0 &#8211; Nous traitons des donn\u00e9es \u00e0 caract\u00e8re personnel telles que le pr\u00e9nom, le nom, l&rsquo;adresse IP, adresse \u00e9lectronique, lieu de r\u00e9sidence, code postal et donn\u00e9es de contenu du formulaire de contact.<\/li>\n<li><strong>Comment ?<\/strong>\u00a0&#8211; Nous ne traitons les donn\u00e9es \u00e0 caract\u00e8re personnel qu&rsquo;apr\u00e8s avoir obtenu l&rsquo;autorisation expresse des utilisateurs. Utilisateurs concern\u00e9s et dans le respect des dispositions applicables en mati\u00e8re de protection des donn\u00e9es.<\/li>\n<li><strong>Pourquoi ?<\/strong>\u00a0 &#8211; Le traitement des donn\u00e9es personnelles est effectu\u00e9 sur la base de notre int\u00e9r\u00eat l\u00e9gitime.<br \/>\nint\u00e9r\u00eat \u00e0 remplir nos prestations contractuelles et \u00e0 optimiser notre offre en ligne offre en ligne.<\/li>\n<\/ol>\n<h2>Formulaire de contact et contact par e-mail<\/h2>\n<p>Notre site Internet comporte un formulaire de contact qui peut \u00eatre utilis\u00e9 pour prendre contact par voie \u00e9lectronique.<br \/>\npeut \u00eatre utilis\u00e9. Si un utilisateur fait usage de cette possibilit\u00e9, les donn\u00e9es saisies dans le masque de saisie nous sont transmises.<br \/>\nsont transmises et enregistr\u00e9es.<\/p>\n<p>Il est \u00e9galement possible de prendre contact via l&rsquo;adresse e-mail mise \u00e0 disposition. Dans ce cas, les donn\u00e9es transmises par<br \/>\ndonn\u00e9es personnelles de l&rsquo;utilisateur transmises par e-mail sont enregistr\u00e9es.<\/p>\n<p>Dans ce contexte, les donn\u00e9es ne sont pas transmises \u00e0 des tiers. Les donn\u00e9es sont exclusivement utilis\u00e9es pour<br \/>\ntraitement de la conversation.<\/p>\n<p>La base juridique pour le traitement des donn\u00e9es est, en pr\u00e9sence d&rsquo;un consentement de l&rsquo;utilisateur, l&rsquo;art. 6, al. 1, let. a du RGPD.<br \/>\nRGPD.<\/p>\n<p>La base juridique pour le traitement des donn\u00e9es transmises dans le cadre de l&rsquo;envoi d&rsquo;un e-mail est l&rsquo;art.<br \/>\n6, alin\u00e9a 1, lettre f du RGPD. Si le contact par courriel vise \u00e0 conclure un contrat, la base juridique suppl\u00e9mentaire est<br \/>\npour le traitement est l&rsquo;art. 6, alin\u00e9a 1, lettre b du RGPD.<\/p>\n<p>Le traitement des donn\u00e9es \u00e0 caract\u00e8re personnel figurant dans le masque de saisie nous sert uniquement \u00e0 traiter la prise de contact.<br \/>\nDans le cas d&rsquo;une prise de contact par e-mail, l&rsquo;int\u00e9r\u00eat l\u00e9gitime n\u00e9cessaire au traitement des donn\u00e9es r\u00e9side \u00e9galement dans ce fait.<br \/>\ndes donn\u00e9es.<br \/>\nLes autres donn\u00e9es personnelles trait\u00e9es pendant le processus d&rsquo;envoi servent \u00e0 emp\u00eacher toute utilisation abusive du formulaire de contact.<br \/>\nformulaire de contact et d&rsquo;assurer la s\u00e9curit\u00e9 de nos syst\u00e8mes informatiques.<\/p>\n<p>Les donn\u00e9es sont effac\u00e9es d\u00e8s qu&rsquo;elles ne sont plus n\u00e9cessaires \u00e0 la r\u00e9alisation de l&rsquo;objectif pour lequel elles ont \u00e9t\u00e9 collect\u00e9es. Pour<br \/>\nles donn\u00e9es personnelles issues du masque de saisie du formulaire de contact et celles qui ont \u00e9t\u00e9 envoy\u00e9es par e-mail,<br \/>\nc&rsquo;est le cas lorsque la conversation respective avec l&rsquo;utilisateur est termin\u00e9e. La conversation est consid\u00e9r\u00e9e comme termin\u00e9e,<br \/>\nlorsque les circonstances permettent de d\u00e9duire que les faits concern\u00e9s ont \u00e9t\u00e9 d\u00e9finitivement clarifi\u00e9s.<\/p>\n<p>L&rsquo;utilisateur a la possibilit\u00e9 de r\u00e9voquer \u00e0 tout moment son consentement au traitement des donn\u00e9es \u00e0 caract\u00e8re personnel.<br \/>\nSi l&rsquo;utilisateur prend contact avec nous par e-mail, il peut \u00e0 tout moment s&rsquo;opposer \u00e0 l&rsquo;enregistrement de ses donn\u00e9es personnelles.<br \/>\ns&rsquo;opposer \u00e0 cette utilisation. Dans un tel cas, la conversation ne peut pas \u00eatre poursuivie.<\/p>\n","protected":false},"excerpt":{"rendered":"Informations de base Le responsable de la collecte, du traitement et de l&rsquo;utilisation de vos donn\u00e9es personnelles au sens de l&rsquo;art. 4 n\u00b0 7 RGPD est Docteur Martine Antys Becker Oestrasse 39 Eupen, Belgium M.: martine@antys.be MwsT:BE0515.969.130 Si vous souhaitez vous opposer \u00e0 la collecte, au traitement ou \u00e0 l&rsquo;utilisation de vos donn\u00e9es par nos [&hellip;]","protected":false},"author":1,"featured_media":0,"parent":0,"menu_order":0,"comment_status":"closed","ping_status":"closed","template":"pages\/datenshutz.php","meta":{"_acf_changed":false,"footnotes":""},"class_list":["post-262","page","type-page","status-publish","hentry"],"acf":[],"_links":{"self":[{"href":"https:\/\/www.xperts4horses.eu\/fr\/wp-json\/wp\/v2\/pages\/262","targetHints":{"allow":["GET"]}}],"collection":[{"href":"https:\/\/www.xperts4horses.eu\/fr\/wp-json\/wp\/v2\/pages"}],"about":[{"href":"https:\/\/www.xperts4horses.eu\/fr\/wp-json\/wp\/v2\/types\/page"}],"author":[{"embeddable":true,"href":"https:\/\/www.xperts4horses.eu\/fr\/wp-json\/wp\/v2\/users\/1"}],"replies":[{"embeddable":true,"href":"https:\/\/www.xperts4horses.eu\/fr\/wp-json\/wp\/v2\/comments?post=262"}],"version-history":[{"count":0,"href":"https:\/\/www.xperts4horses.eu\/fr\/wp-json\/wp\/v2\/pages\/262\/revisions"}],"wp:attachment":[{"href":"https:\/\/www.xperts4horses.eu\/fr\/wp-json\/wp\/v2\/media?parent=262"}],"curies":[{"name":"wp","href":"https:\/\/api.w.org\/{rel}","templated":true}]}}